{"id":12,"date":"2023-07-31T22:46:04","date_gmt":"2023-07-31T20:46:04","guid":{"rendered":"https:\/\/solenebauche.com\/?page_id=12"},"modified":"2023-09-07T03:30:51","modified_gmt":"2023-09-07T01:30:51","slug":"mes-textes","status":"publish","type":"page","link":"https:\/\/solenebauche.com\/index.php\/mes-textes\/","title":{"rendered":"Autrice"},"content":{"rendered":"\t\t<div data-elementor-type=\"wp-page\" data-elementor-id=\"12\" class=\"elementor elementor-12\">\n\t\t\t\t\t\t<section class=\"elementor-section elementor-top-section elementor-element elementor-element-e2b3ba7 elementor-section-boxed elementor-section-height-default elementor-section-height-default\" data-id=\"e2b3ba7\" data-element_type=\"section\" data-settings=\"{&quot;background_background&quot;:&quot;classic&quot;}\">\n\t\t\t\t\t\t<div class=\"elementor-container elementor-column-gap-default\">\n\t\t\t\t\t<div class=\"elementor-column elementor-col-100 elementor-top-column elementor-element elementor-element-23bca60\" data-id=\"23bca60\" data-element_type=\"column\">\n\t\t\t<div class=\"elementor-widget-wrap elementor-element-populated\">\n\t\t\t\t\t\t<div class=\"elementor-element elementor-element-89f61c9 elementor-widget elementor-widget-heading\" data-id=\"89f61c9\" data-element_type=\"widget\" data-widget_type=\"heading.default\">\n\t\t\t\t<div class=\"elementor-widget-container\">\n\t\t\t<h2 class=\"elementor-heading-title elementor-size-default\">Mes \u00e9crits<\/h2>\t\t<\/div>\n\t\t\t\t<\/div>\n\t\t\t\t\t<\/div>\n\t\t<\/div>\n\t\t\t\t\t<\/div>\n\t\t<\/section>\n\t\t\t\t<section class=\"elementor-section elementor-top-section elementor-element elementor-element-bb000fb elementor-section-boxed elementor-section-height-default elementor-section-height-default\" data-id=\"bb000fb\" data-element_type=\"section\" data-settings=\"{&quot;background_background&quot;:&quot;classic&quot;}\">\n\t\t\t\t\t\t<div class=\"elementor-container elementor-column-gap-default\">\n\t\t\t\t\t<div class=\"elementor-column elementor-col-50 elementor-top-column elementor-element elementor-element-1b90bf1\" data-id=\"1b90bf1\" data-element_type=\"column\">\n\t\t\t<div class=\"elementor-widget-wrap elementor-element-populated\">\n\t\t\t\t\t\t<div class=\"elementor-element elementor-element-9ba230c elementor-widget elementor-widget-image\" data-id=\"9ba230c\" data-element_type=\"widget\" data-widget_type=\"image.default\">\n\t\t\t\t<div class=\"elementor-widget-container\">\n\t\t\t\t\t\t\t\t\t\t\t\t\t<img fetchpriority=\"high\" decoding=\"async\" width=\"638\" height=\"1000\" src=\"https:\/\/solenebauche.com\/wp-content\/uploads\/2023\/08\/le-choix-du-roi-couv.jpg\" class=\"attachment-medium_large size-medium_large wp-image-106\" alt=\"premier roman Le Choix du Roi\" srcset=\"https:\/\/solenebauche.com\/wp-content\/uploads\/2023\/08\/le-choix-du-roi-couv.jpg 638w, https:\/\/solenebauche.com\/wp-content\/uploads\/2023\/08\/le-choix-du-roi-couv-191x300.jpg 191w\" sizes=\"(max-width: 638px) 100vw, 638px\" \/>\t\t\t\t\t\t\t\t\t\t\t\t\t<\/div>\n\t\t\t\t<\/div>\n\t\t\t\t\t<\/div>\n\t\t<\/div>\n\t\t\t\t<div class=\"elementor-column elementor-col-50 elementor-top-column elementor-element elementor-element-1870355\" data-id=\"1870355\" data-element_type=\"column\">\n\t\t\t<div class=\"elementor-widget-wrap elementor-element-populated\">\n\t\t\t\t\t\t<div class=\"elementor-element elementor-element-571a802 elementor-widget elementor-widget-heading\" data-id=\"571a802\" data-element_type=\"widget\" data-widget_type=\"heading.default\">\n\t\t\t\t<div class=\"elementor-widget-container\">\n\t\t\t<h3 class=\"elementor-heading-title elementor-size-default\">Le Choix du Roi, mon premier roman<\/h3>\t\t<\/div>\n\t\t\t\t<\/div>\n\t\t\t\t<div class=\"elementor-element elementor-element-56b68b3 elementor-widget elementor-widget-text-editor\" data-id=\"56b68b3\" data-element_type=\"widget\" data-widget_type=\"text-editor.default\">\n\t\t\t\t<div class=\"elementor-widget-container\">\n\t\t\t\t\t\t\t<p>Royaume des Francs, 792.<\/p><p>L\u2019heure est grave : Charlemagne vient d&#8217;apprendre que son fils d\u2019un premier lit, P\u00e9pin le Bossu, a conspir\u00e9 contre lui. Le roi est loin d&#8217;avoir \u00e9t\u00e9 un p\u00e8re id\u00e9al, mais la sentence est sans appel : le jeune tra\u00eetre doit rejoindre un monast\u00e8re et y demeurer le restant de ses jours. Peu enclin \u00e0 faire amende honorable et encore moins \u00e0 devenir un homme de Dieu, P\u00e9pin d\u00e9p\u00e9rit. L&#8217;h\u00e9ritier d\u00e9chu est loin de se douter que c\u2019est par une entremise des plus inattendues que viendra son salut, avant d&#8217;entamer un p\u00e9rilleux voyage vers l&#8217;inconnu&#8230;<\/p><p>Un roman d\u2019aventure teint\u00e9 de fantastique dans lequel les voix se croisent et l\u2019Histoire se m\u00eale \u00e0 l\u2019Imaginaire.<\/p>\t\t\t\t\t\t<\/div>\n\t\t\t\t<\/div>\n\t\t\t\t<div class=\"elementor-element elementor-element-93850f2 elementor-align-center elementor-widget elementor-widget-button\" data-id=\"93850f2\" data-element_type=\"widget\" data-widget_type=\"button.default\">\n\t\t\t\t<div class=\"elementor-widget-container\">\n\t\t\t\t\t<div class=\"elementor-button-wrapper\">\n\t\t\t<a class=\"elementor-button elementor-button-link elementor-size-lg elementor-animation-float\" href=\"https:\/\/www.amazon.fr\/Choix-du-Roi-Sol%C3%A8ne-Bauch%C3%A9\/dp\/1700048988\/ref=sr_1_2?crid=2WXD6E4EMIY5W&#038;keywords=le+choix+du+roi&#038;qid=1690932558&#038;sprefix=le+choix+%2Caps%2C100&#038;sr=8-2\">\n\t\t\t\t\t\t<span class=\"elementor-button-content-wrapper\">\n\t\t\t\t\t\t\t\t\t<span class=\"elementor-button-text\">D\u00e9couvrez-le ici !<\/span>\n\t\t\t\t\t<\/span>\n\t\t\t\t\t<\/a>\n\t\t<\/div>\n\t\t\t\t<\/div>\n\t\t\t\t<\/div>\n\t\t\t\t\t<\/div>\n\t\t<\/div>\n\t\t\t\t\t<\/div>\n\t\t<\/section>\n\t\t\t\t<section class=\"elementor-section elementor-top-section elementor-element elementor-element-83eb1de elementor-section-boxed elementor-section-height-default elementor-section-height-default\" data-id=\"83eb1de\" data-element_type=\"section\" data-settings=\"{&quot;background_background&quot;:&quot;classic&quot;}\">\n\t\t\t\t\t\t<div class=\"elementor-container elementor-column-gap-default\">\n\t\t\t\t\t<div class=\"elementor-column elementor-col-100 elementor-top-column elementor-element elementor-element-ed6dc93\" data-id=\"ed6dc93\" data-element_type=\"column\">\n\t\t\t<div class=\"elementor-widget-wrap elementor-element-populated\">\n\t\t\t\t\t\t<div class=\"elementor-element elementor-element-01cbc19 elementor-widget elementor-widget-heading\" data-id=\"01cbc19\" data-element_type=\"widget\" data-widget_type=\"heading.default\">\n\t\t\t\t<div class=\"elementor-widget-container\">\n\t\t\t<h4 class=\"elementor-heading-title elementor-size-default\">Paroles de lecteurs !<\/h4>\t\t<\/div>\n\t\t\t\t<\/div>\n\t\t\t\t\t<\/div>\n\t\t<\/div>\n\t\t\t\t\t<\/div>\n\t\t<\/section>\n\t\t\t\t<section class=\"elementor-section elementor-top-section elementor-element elementor-element-10b3655 elementor-section-boxed elementor-section-height-default elementor-section-height-default\" data-id=\"10b3655\" data-element_type=\"section\" data-settings=\"{&quot;background_background&quot;:&quot;classic&quot;}\">\n\t\t\t\t\t\t<div class=\"elementor-container elementor-column-gap-default\">\n\t\t\t\t\t<div class=\"elementor-column elementor-col-33 elementor-top-column elementor-element elementor-element-3a50c78\" data-id=\"3a50c78\" data-element_type=\"column\">\n\t\t\t<div class=\"elementor-widget-wrap elementor-element-populated\">\n\t\t\t\t\t\t<div class=\"elementor-element elementor-element-9e76cb4 elementor-widget elementor-widget-testimonial\" data-id=\"9e76cb4\" data-element_type=\"widget\" data-widget_type=\"testimonial.default\">\n\t\t\t\t<div class=\"elementor-widget-container\">\n\t\t\t\t\t<div class=\"elementor-testimonial-wrapper\">\n\t\t\t\t\t\t\t<div class=\"elementor-testimonial-content\">\"Coup de c\u0153ur pour un roman aussi bien document\u00e9 que captivant !\"<\/div>\n\t\t\t\n\t\t\t\t\t\t<div class=\"elementor-testimonial-meta elementor-has-image elementor-testimonial-image-position-aside\">\n\t\t\t\t<div class=\"elementor-testimonial-meta-inner\">\n\t\t\t\t\t\t\t\t\t\t\t<div class=\"elementor-testimonial-image\">\n\t\t\t\t\t\t\t<img decoding=\"async\" width=\"512\" height=\"512\" src=\"https:\/\/solenebauche.com\/wp-content\/uploads\/2023\/08\/social.png\" class=\"attachment-full size-full wp-image-126\" alt=\"\" srcset=\"https:\/\/solenebauche.com\/wp-content\/uploads\/2023\/08\/social.png 512w, https:\/\/solenebauche.com\/wp-content\/uploads\/2023\/08\/social-300x300.png 300w, https:\/\/solenebauche.com\/wp-content\/uploads\/2023\/08\/social-150x150.png 150w\" sizes=\"(max-width: 512px) 100vw, 512px\" \/>\t\t\t\t\t\t<\/div>\n\t\t\t\t\t\n\t\t\t\t\t\t\t\t\t\t<div class=\"elementor-testimonial-details\">\n\t\t\t\t\t\t\t\t\t\t\t\t\t\t<div class=\"elementor-testimonial-name\">Khalya<\/div>\n\t\t\t\t\t\t\t\t\t\t\t\t\t\t\t\t\t\t\t\t\t\t<div class=\"elementor-testimonial-job\">Lectrice<\/div>\n\t\t\t\t\t\t\t\t\t\t\t\t\t<\/div>\n\t\t\t\t\t\t\t\t\t<\/div>\n\t\t\t<\/div>\n\t\t\t\t\t<\/div>\n\t\t\t\t<\/div>\n\t\t\t\t<\/div>\n\t\t\t\t\t<\/div>\n\t\t<\/div>\n\t\t\t\t<div class=\"elementor-column elementor-col-33 elementor-top-column elementor-element elementor-element-05812f8\" data-id=\"05812f8\" data-element_type=\"column\">\n\t\t\t<div class=\"elementor-widget-wrap elementor-element-populated\">\n\t\t\t\t\t\t<div class=\"elementor-element elementor-element-e64f87c elementor-widget elementor-widget-testimonial\" data-id=\"e64f87c\" data-element_type=\"widget\" data-widget_type=\"testimonial.default\">\n\t\t\t\t<div class=\"elementor-widget-container\">\n\t\t\t\t\t<div class=\"elementor-testimonial-wrapper\">\n\t\t\t\t\t\t\t<div class=\"elementor-testimonial-content\">\"Une plume passionnante qui nous entra\u00eene dans la grande et la petite histoire.\"<\/div>\n\t\t\t\n\t\t\t\t\t\t<div class=\"elementor-testimonial-meta elementor-has-image elementor-testimonial-image-position-aside\">\n\t\t\t\t<div class=\"elementor-testimonial-meta-inner\">\n\t\t\t\t\t\t\t\t\t\t\t<div class=\"elementor-testimonial-image\">\n\t\t\t\t\t\t\t<img decoding=\"async\" width=\"512\" height=\"512\" src=\"https:\/\/solenebauche.com\/wp-content\/uploads\/2023\/08\/social.png\" class=\"attachment-full size-full wp-image-126\" alt=\"\" srcset=\"https:\/\/solenebauche.com\/wp-content\/uploads\/2023\/08\/social.png 512w, https:\/\/solenebauche.com\/wp-content\/uploads\/2023\/08\/social-300x300.png 300w, https:\/\/solenebauche.com\/wp-content\/uploads\/2023\/08\/social-150x150.png 150w\" sizes=\"(max-width: 512px) 100vw, 512px\" \/>\t\t\t\t\t\t<\/div>\n\t\t\t\t\t\n\t\t\t\t\t\t\t\t\t\t<div class=\"elementor-testimonial-details\">\n\t\t\t\t\t\t\t\t\t\t\t\t\t\t<div class=\"elementor-testimonial-name\">David<\/div>\n\t\t\t\t\t\t\t\t\t\t\t\t\t\t\t\t\t\t\t\t\t\t<div class=\"elementor-testimonial-job\">Lecteur<\/div>\n\t\t\t\t\t\t\t\t\t\t\t\t\t<\/div>\n\t\t\t\t\t\t\t\t\t<\/div>\n\t\t\t<\/div>\n\t\t\t\t\t<\/div>\n\t\t\t\t<\/div>\n\t\t\t\t<\/div>\n\t\t\t\t\t<\/div>\n\t\t<\/div>\n\t\t\t\t<div class=\"elementor-column elementor-col-33 elementor-top-column elementor-element elementor-element-e399339\" data-id=\"e399339\" data-element_type=\"column\">\n\t\t\t<div class=\"elementor-widget-wrap elementor-element-populated\">\n\t\t\t\t\t\t<div class=\"elementor-element elementor-element-b8a3cf2 elementor-widget elementor-widget-testimonial\" data-id=\"b8a3cf2\" data-element_type=\"widget\" data-widget_type=\"testimonial.default\">\n\t\t\t\t<div class=\"elementor-widget-container\">\n\t\t\t\t\t<div class=\"elementor-testimonial-wrapper\">\n\t\t\t\t\t\t\t<div class=\"elementor-testimonial-content\">\"Une belle r\u00e9ussite pour un premier roman que je vous invite \u00e0 d\u00e9couvrir.\"<\/div>\n\t\t\t\n\t\t\t\t\t\t<div class=\"elementor-testimonial-meta elementor-has-image elementor-testimonial-image-position-aside\">\n\t\t\t\t<div class=\"elementor-testimonial-meta-inner\">\n\t\t\t\t\t\t\t\t\t\t\t<div class=\"elementor-testimonial-image\">\n\t\t\t\t\t\t\t<img decoding=\"async\" width=\"512\" height=\"512\" src=\"https:\/\/solenebauche.com\/wp-content\/uploads\/2023\/08\/social.png\" class=\"attachment-full size-full wp-image-126\" alt=\"\" srcset=\"https:\/\/solenebauche.com\/wp-content\/uploads\/2023\/08\/social.png 512w, https:\/\/solenebauche.com\/wp-content\/uploads\/2023\/08\/social-300x300.png 300w, https:\/\/solenebauche.com\/wp-content\/uploads\/2023\/08\/social-150x150.png 150w\" sizes=\"(max-width: 512px) 100vw, 512px\" \/>\t\t\t\t\t\t<\/div>\n\t\t\t\t\t\n\t\t\t\t\t\t\t\t\t\t<div class=\"elementor-testimonial-details\">\n\t\t\t\t\t\t\t\t\t\t\t\t\t\t<div class=\"elementor-testimonial-name\">Sarah<\/div>\n\t\t\t\t\t\t\t\t\t\t\t\t\t\t\t\t\t\t\t\t\t\t<div class=\"elementor-testimonial-job\">Lectrice<\/div>\n\t\t\t\t\t\t\t\t\t\t\t\t\t<\/div>\n\t\t\t\t\t\t\t\t\t<\/div>\n\t\t\t<\/div>\n\t\t\t\t\t<\/div>\n\t\t\t\t<\/div>\n\t\t\t\t<\/div>\n\t\t\t\t\t<\/div>\n\t\t<\/div>\n\t\t\t\t\t<\/div>\n\t\t<\/section>\n\t\t\t\t<section class=\"elementor-section elementor-top-section elementor-element elementor-element-fd6c10f elementor-section-boxed elementor-section-height-default elementor-section-height-default\" data-id=\"fd6c10f\" data-element_type=\"section\" data-settings=\"{&quot;background_background&quot;:&quot;classic&quot;}\">\n\t\t\t\t\t\t<div class=\"elementor-container elementor-column-gap-default\">\n\t\t\t\t\t<div class=\"elementor-column elementor-col-50 elementor-top-column elementor-element elementor-element-27d142a\" data-id=\"27d142a\" data-element_type=\"column\">\n\t\t\t<div class=\"elementor-widget-wrap elementor-element-populated\">\n\t\t\t\t\t\t<div class=\"elementor-element elementor-element-678ccb7 elementor-widget elementor-widget-image\" data-id=\"678ccb7\" data-element_type=\"widget\" data-widget_type=\"image.default\">\n\t\t\t\t<div class=\"elementor-widget-container\">\n\t\t\t\t\t\t\t\t\t\t\t\t\t<img decoding=\"async\" width=\"313\" height=\"500\" src=\"https:\/\/solenebauche.com\/wp-content\/uploads\/2023\/08\/41Z72b2ZgzL.jpg\" class=\"attachment-medium_large size-medium_large wp-image-131\" alt=\"recueil de nouvelles\" srcset=\"https:\/\/solenebauche.com\/wp-content\/uploads\/2023\/08\/41Z72b2ZgzL.jpg 313w, https:\/\/solenebauche.com\/wp-content\/uploads\/2023\/08\/41Z72b2ZgzL-188x300.jpg 188w\" sizes=\"(max-width: 313px) 100vw, 313px\" \/>\t\t\t\t\t\t\t\t\t\t\t\t\t<\/div>\n\t\t\t\t<\/div>\n\t\t\t\t\t<\/div>\n\t\t<\/div>\n\t\t\t\t<div class=\"elementor-column elementor-col-50 elementor-top-column elementor-element elementor-element-2b44f6d\" data-id=\"2b44f6d\" data-element_type=\"column\">\n\t\t\t<div class=\"elementor-widget-wrap elementor-element-populated\">\n\t\t\t\t\t\t<div class=\"elementor-element elementor-element-30019ef elementor-widget elementor-widget-heading\" data-id=\"30019ef\" data-element_type=\"widget\" data-widget_type=\"heading.default\">\n\t\t\t\t<div class=\"elementor-widget-container\">\n\t\t\t<h3 class=\"elementor-heading-title elementor-size-default\">Un Soleil de Plomb, mon mini-recueil de nouvelles <br><\/h3>\t\t<\/div>\n\t\t\t\t<\/div>\n\t\t\t\t<div class=\"elementor-element elementor-element-10106c1 elementor-widget elementor-widget-text-editor\" data-id=\"10106c1\" data-element_type=\"widget\" data-widget_type=\"text-editor.default\">\n\t\t\t\t<div class=\"elementor-widget-container\">\n\t\t\t\t\t\t\t<p>Sur un coup de t\u00eate, Margaux formule un voeu qu&#8217;elle risque bien de regretter.<\/p><p>Silvana fait une rencontre inqui\u00e9tante dans l&#8217;appartement de son p\u00e8re r\u00e9cemment d\u00e9c\u00e9d\u00e9.<\/p><p>Quant \u00e0 May-June, elle vit et s\u00e9vit dans un monde d\u00e9vast\u00e9, depuis bien plus longtemps que son apparence le laisse para\u00eetre.<br \/><br \/>Trois histoires, trois femmes tr\u00e8s diff\u00e9rentes voient leur destin boulevers\u00e9 par des entit\u00e9s surnaturelles.<\/p>\t\t\t\t\t\t<\/div>\n\t\t\t\t<\/div>\n\t\t\t\t<div class=\"elementor-element elementor-element-bf40db3 elementor-align-center elementor-widget elementor-widget-button\" data-id=\"bf40db3\" data-element_type=\"widget\" data-widget_type=\"button.default\">\n\t\t\t\t<div class=\"elementor-widget-container\">\n\t\t\t\t\t<div class=\"elementor-button-wrapper\">\n\t\t\t<a class=\"elementor-button elementor-button-link elementor-size-lg elementor-animation-float\" href=\"https:\/\/www.amazon.fr\/Soleil-Plomb-Sol%C3%A8ne-Bauch%C3%A9-ebook\/dp\/B07PF1BGNK\/ref=sr_1_2?qid=1690934478&#038;refinements=p_27%3ASol%C3%A8ne+Bauch%C3%A9&#038;s=books&#038;sr=1-2\">\n\t\t\t\t\t\t<span class=\"elementor-button-content-wrapper\">\n\t\t\t\t\t\t\t\t\t<span class=\"elementor-button-text\">D\u00e9couvrez-le ici !<\/span>\n\t\t\t\t\t<\/span>\n\t\t\t\t\t<\/a>\n\t\t<\/div>\n\t\t\t\t<\/div>\n\t\t\t\t<\/div>\n\t\t\t\t\t<\/div>\n\t\t<\/div>\n\t\t\t\t\t<\/div>\n\t\t<\/section>\n\t\t\t\t<\/div>\n\t\t","protected":false},"excerpt":{"rendered":"<p>Mes \u00e9crits Le Choix du Roi, mon premier roman Royaume des Francs, 792. L\u2019heure est grave : Charlemagne vient d&#8217;apprendre que son fils d\u2019un premier lit, P\u00e9pin le Bossu, a conspir\u00e9 contre lui. Le roi est loin d&#8217;avoir \u00e9t\u00e9 un p\u00e8re id\u00e9al, mais la sentence est sans appel : le jeune tra\u00eetre doit rejoindre un [&hellip;]<\/p>\n","protected":false},"author":1,"featured_media":0,"parent":0,"menu_order":0,"comment_status":"closed","ping_status":"closed","template":"","meta":{"site-sidebar-layout":"no-sidebar","site-content-layout":"page-builder","ast-site-content-layout":"","site-content-style":"default","site-sidebar-style":"default","ast-global-header-display":"","ast-banner-title-visibility":"","ast-main-header-display":"","ast-hfb-above-header-display":"","ast-hfb-below-header-display":"","ast-hfb-mobile-header-display":"","site-post-title":"disabled","ast-breadcrumbs-content":"","ast-featured-img":"disabled","footer-sml-layout":"","theme-transparent-header-meta":"","adv-header-id-meta":"","stick-header-meta":"","header-above-stick-meta":"","header-main-stick-meta":"","header-below-stick-meta":"","astra-migrate-meta-layouts":"default","ast-page-background-enabled":"default","ast-page-background-meta":{"desktop":{"background-color":"var(--ast-global-color-4)","background-image":"","background-repeat":"repeat","background-position":"center center","background-size":"auto","background-attachment":"scroll","background-type":"","background-media":"","overlay-type":"","overlay-color":"","overlay-opacity":"","overlay-gradient":""},"tablet":{"background-color":"","background-image":"","background-repeat":"repeat","background-position":"center center","background-size":"auto","background-attachment":"scroll","background-type":"","background-media":"","overlay-type":"","overlay-color":"","overlay-opacity":"","overlay-gradient":""},"mobile":{"background-color":"","background-image":"","background-repeat":"repeat","background-position":"center center","background-size":"auto","background-attachment":"scroll","background-type":"","background-media":"","overlay-type":"","overlay-color":"","overlay-opacity":"","overlay-gradient":""}},"ast-content-background-meta":{"desktop":{"background-color":"var(--ast-global-color-5)","background-image":"","background-repeat":"repeat","background-position":"center center","background-size":"auto","background-attachment":"scroll","background-type":"","background-media":"","overlay-type":"","overlay-color":"","overlay-opacity":"","overlay-gradient":""},"tablet":{"background-color":"var(--ast-global-color-5)","background-image":"","background-repeat":"repeat","background-position":"center center","background-size":"auto","background-attachment":"scroll","background-type":"","background-media":"","overlay-type":"","overlay-color":"","overlay-opacity":"","overlay-gradient":""},"mobile":{"background-color":"var(--ast-global-color-5)","background-image":"","background-repeat":"repeat","background-position":"center center","background-size":"auto","background-attachment":"scroll","background-type":"","background-media":"","overlay-type":"","overlay-color":"","overlay-opacity":"","overlay-gradient":""}},"footnotes":""},"class_list":["post-12","page","type-page","status-publish","hentry"],"_links":{"self":[{"href":"https:\/\/solenebauche.com\/index.php\/wp-json\/wp\/v2\/pages\/12","targetHints":{"allow":["GET"]}}],"collection":[{"href":"https:\/\/solenebauche.com\/index.php\/wp-json\/wp\/v2\/pages"}],"about":[{"href":"https:\/\/solenebauche.com\/index.php\/wp-json\/wp\/v2\/types\/page"}],"author":[{"embeddable":true,"href":"https:\/\/solenebauche.com\/index.php\/wp-json\/wp\/v2\/users\/1"}],"replies":[{"embeddable":true,"href":"https:\/\/solenebauche.com\/index.php\/wp-json\/wp\/v2\/comments?post=12"}],"version-history":[{"count":53,"href":"https:\/\/solenebauche.com\/index.php\/wp-json\/wp\/v2\/pages\/12\/revisions"}],"predecessor-version":[{"id":257,"href":"https:\/\/solenebauche.com\/index.php\/wp-json\/wp\/v2\/pages\/12\/revisions\/257"}],"wp:attachment":[{"href":"https:\/\/solenebauche.com\/index.php\/wp-json\/wp\/v2\/media?parent=12"}],"curies":[{"name":"wp","href":"https:\/\/api.w.org\/{rel}","templated":true}]}}