{"id":14,"date":"2023-07-31T22:46:20","date_gmt":"2023-07-31T20:46:20","guid":{"rendered":"https:\/\/solenebauche.com\/?page_id=14"},"modified":"2023-09-07T03:32:49","modified_gmt":"2023-09-07T01:32:49","slug":"mes-traductions","status":"publish","type":"page","link":"https:\/\/solenebauche.com\/index.php\/mes-traductions\/","title":{"rendered":"Traductrice"},"content":{"rendered":"\t\t<div data-elementor-type=\"wp-page\" data-elementor-id=\"14\" class=\"elementor elementor-14\">\n\t\t\t\t\t\t<section class=\"elementor-section elementor-top-section elementor-element elementor-element-3035cce elementor-section-boxed elementor-section-height-default elementor-section-height-default\" data-id=\"3035cce\" data-element_type=\"section\" data-settings=\"{&quot;background_background&quot;:&quot;classic&quot;}\">\n\t\t\t\t\t\t<div class=\"elementor-container elementor-column-gap-default\">\n\t\t\t\t\t<div class=\"elementor-column elementor-col-100 elementor-top-column elementor-element elementor-element-decdc0f\" data-id=\"decdc0f\" data-element_type=\"column\">\n\t\t\t<div class=\"elementor-widget-wrap elementor-element-populated\">\n\t\t\t\t\t\t<div class=\"elementor-element elementor-element-7462e53 elementor-widget elementor-widget-heading\" data-id=\"7462e53\" data-element_type=\"widget\" data-widget_type=\"heading.default\">\n\t\t\t\t<div class=\"elementor-widget-container\">\n\t\t\t<h2 class=\"elementor-heading-title elementor-size-default\">Mes traductions<\/h2>\t\t<\/div>\n\t\t\t\t<\/div>\n\t\t\t\t\t<\/div>\n\t\t<\/div>\n\t\t\t\t\t<\/div>\n\t\t<\/section>\n\t\t\t\t<section class=\"elementor-section elementor-top-section elementor-element elementor-element-3987808 elementor-section-boxed elementor-section-height-default elementor-section-height-default\" data-id=\"3987808\" data-element_type=\"section\" data-settings=\"{&quot;background_background&quot;:&quot;classic&quot;}\">\n\t\t\t\t\t\t<div class=\"elementor-container elementor-column-gap-default\">\n\t\t\t\t\t<div class=\"elementor-column elementor-col-50 elementor-top-column elementor-element elementor-element-2fd9d10\" data-id=\"2fd9d10\" data-element_type=\"column\">\n\t\t\t<div class=\"elementor-widget-wrap elementor-element-populated\">\n\t\t\t\t\t\t<div class=\"elementor-element elementor-element-e0dc63b elementor-widget__width-initial elementor-widget elementor-widget-image\" data-id=\"e0dc63b\" data-element_type=\"widget\" data-widget_type=\"image.default\">\n\t\t\t\t<div class=\"elementor-widget-container\">\n\t\t\t\t\t\t\t\t\t\t\t\t\t<img fetchpriority=\"high\" decoding=\"async\" width=\"404\" height=\"600\" src=\"https:\/\/solenebauche.com\/wp-content\/uploads\/2023\/08\/130aaae8b68e795fa6290c27e875ab027cf9c2a2964fc18368982fc2cf5e.png\" class=\"attachment-large size-large wp-image-181\" alt=\"Jeu de soci\u00e9t\u00e9 \u00e7a tourne\" srcset=\"https:\/\/solenebauche.com\/wp-content\/uploads\/2023\/08\/130aaae8b68e795fa6290c27e875ab027cf9c2a2964fc18368982fc2cf5e.png 404w, https:\/\/solenebauche.com\/wp-content\/uploads\/2023\/08\/130aaae8b68e795fa6290c27e875ab027cf9c2a2964fc18368982fc2cf5e-202x300.png 202w\" sizes=\"(max-width: 404px) 100vw, 404px\" \/>\t\t\t\t\t\t\t\t\t\t\t\t\t<\/div>\n\t\t\t\t<\/div>\n\t\t\t\t<div class=\"elementor-element elementor-element-58cc271 elementor-widget elementor-widget-image\" data-id=\"58cc271\" data-element_type=\"widget\" data-widget_type=\"image.default\">\n\t\t\t\t<div class=\"elementor-widget-container\">\n\t\t\t\t\t\t\t\t\t\t\t\t\t<img decoding=\"async\" width=\"194\" height=\"300\" src=\"https:\/\/solenebauche.com\/wp-content\/uploads\/2023\/08\/Extension-ca-tourne-serie-b-194x300.png\" class=\"attachment-medium size-medium wp-image-188\" alt=\"\" srcset=\"https:\/\/solenebauche.com\/wp-content\/uploads\/2023\/08\/Extension-ca-tourne-serie-b-194x300.png 194w, https:\/\/solenebauche.com\/wp-content\/uploads\/2023\/08\/Extension-ca-tourne-serie-b-664x1024.png 664w, https:\/\/solenebauche.com\/wp-content\/uploads\/2023\/08\/Extension-ca-tourne-serie-b.png 731w\" sizes=\"(max-width: 194px) 100vw, 194px\" \/>\t\t\t\t\t\t\t\t\t\t\t\t\t<\/div>\n\t\t\t\t<\/div>\n\t\t\t\t\t<\/div>\n\t\t<\/div>\n\t\t\t\t<div class=\"elementor-column elementor-col-50 elementor-top-column elementor-element elementor-element-56465bf\" data-id=\"56465bf\" data-element_type=\"column\">\n\t\t\t<div class=\"elementor-widget-wrap elementor-element-populated\">\n\t\t\t\t\t\t<div class=\"elementor-element elementor-element-d215300 elementor-widget elementor-widget-heading\" data-id=\"d215300\" data-element_type=\"widget\" data-widget_type=\"heading.default\">\n\t\t\t\t<div class=\"elementor-widget-container\">\n\t\t\t<h3 class=\"elementor-heading-title elementor-size-default\">\u00c7a Tourne, le jeu de plateau de tournage...<\/h3>\t\t<\/div>\n\t\t\t\t<\/div>\n\t\t\t\t<div class=\"elementor-element elementor-element-b9fd567 elementor-widget elementor-widget-text-editor\" data-id=\"b9fd567\" data-element_type=\"widget\" data-widget_type=\"text-editor.default\">\n\t\t\t\t<div class=\"elementor-widget-container\">\n\t\t\t\t\t\t\t<p><strong>R\u00e9alisez le meilleur film&#8230; ou le pire navet dans ce jeu coop\u00e9ratif haut en couleurs !<\/strong><\/p><p>Vous travaillez pour une soci\u00e9t\u00e9 de production en difficult\u00e9. C\u2019est votre derni\u00e8re chance de r\u00e9aliser un film \u00e0 succ\u00e8s. Si vous \u00e9chouez, ce sera la faillite et plus personne ne voudra travailler avec vous !<\/p><p>Dans ce jeu coop\u00e9ratif, \u0153uvrez ensemble \u00e0 la cr\u00e9ation du meilleur film possible ! \u00c0 votre tour, vous assignez \u00e0 l\u2019\u00e9quipe diff\u00e9rentes actions sur le plateau principal, sur votre plateau individuel, ou dans le studio, pour filmer des sc\u00e8nes. Vous gagnez si vous terminez un film de qualit\u00e9 ou s\u2019il est tellement nul que cela en devient g\u00e9nial ! Vous perdez si vous manquez de temps ou d\u2019argent pendant la production, ou si votre film est de qualit\u00e9 m\u00e9diocre.<\/p>\t\t\t\t\t\t<\/div>\n\t\t\t\t<\/div>\n\t\t\t\t<div class=\"elementor-element elementor-element-d014b37 elementor-align-center elementor-widget elementor-widget-button\" data-id=\"d014b37\" data-element_type=\"widget\" data-widget_type=\"button.default\">\n\t\t\t\t<div class=\"elementor-widget-container\">\n\t\t\t\t\t<div class=\"elementor-button-wrapper\">\n\t\t\t<a class=\"elementor-button elementor-button-link elementor-size-lg elementor-animation-float\" href=\"https:\/\/luckyduckgames.com\/fr\/games\/443-ca-tourne-edition-kickstarter\">\n\t\t\t\t\t\t<span class=\"elementor-button-content-wrapper\">\n\t\t\t\t\t\t\t\t\t<span class=\"elementor-button-text\">D\u00e9couvrez-le ici !<\/span>\n\t\t\t\t\t<\/span>\n\t\t\t\t\t<\/a>\n\t\t<\/div>\n\t\t\t\t<\/div>\n\t\t\t\t<\/div>\n\t\t\t\t<div class=\"elementor-element elementor-element-ac23eab elementor-widget elementor-widget-spacer\" data-id=\"ac23eab\" data-element_type=\"widget\" data-widget_type=\"spacer.default\">\n\t\t\t\t<div class=\"elementor-widget-container\">\n\t\t\t\t\t<div class=\"elementor-spacer\">\n\t\t\t<div class=\"elementor-spacer-inner\"><\/div>\n\t\t<\/div>\n\t\t\t\t<\/div>\n\t\t\t\t<\/div>\n\t\t\t\t<div class=\"elementor-element elementor-element-11fa103 elementor-widget elementor-widget-heading\" data-id=\"11fa103\" data-element_type=\"widget\" data-widget_type=\"heading.default\">\n\t\t\t\t<div class=\"elementor-widget-container\">\n\t\t\t<h3 class=\"elementor-heading-title elementor-size-default\">...et son extension S\u00e9rie B !<\/h3>\t\t<\/div>\n\t\t\t\t<\/div>\n\t\t\t\t<div class=\"elementor-element elementor-element-f07e308 elementor-widget elementor-widget-text-editor\" data-id=\"f07e308\" data-element_type=\"widget\" data-widget_type=\"text-editor.default\">\n\t\t\t\t<div class=\"elementor-widget-container\">\n\t\t\t\t\t\t\t<p>Continuez le tournage avec une extension offrant de nouveaux r\u00f4les et m\u00e9caniques, ainsi que des d\u00e9fis in\u00e9dits. Filmez un chef d\u2019oeuvre cin\u00e9matographique d\u2019un nouveau genre !<\/p><p>Votre but est identique au jeu de base : filmer 5 Sc\u00e8nes et sortir le marqueur de Qualit\u00e9 de la zone mauve, avec un changement important : les Sc\u00e9narios ont d\u00e9sormais une partie m\u00e9diane, avec des conditions de genre sp\u00e9cifiques. Pour gagner, vous devez satisfaire ces conditions. Si vous ne parvenez pas \u00e0 avoir les bons jetons Genre dans la Salle de Montage \u00e0 la fin, vous perdez.<\/p>\t\t\t\t\t\t<\/div>\n\t\t\t\t<\/div>\n\t\t\t\t<div class=\"elementor-element elementor-element-aecbf47 elementor-align-center elementor-widget elementor-widget-button\" data-id=\"aecbf47\" data-element_type=\"widget\" data-widget_type=\"button.default\">\n\t\t\t\t<div class=\"elementor-widget-container\">\n\t\t\t\t\t<div class=\"elementor-button-wrapper\">\n\t\t\t<a class=\"elementor-button elementor-button-link elementor-size-lg elementor-animation-float\" href=\"https:\/\/luckyduckgames.com\/fr\/games\/444-ca-tourne-extension-serie-b\">\n\t\t\t\t\t\t<span class=\"elementor-button-content-wrapper\">\n\t\t\t\t\t\t\t\t\t<span class=\"elementor-button-text\">D\u00e9couvrez-la ici !<\/span>\n\t\t\t\t\t<\/span>\n\t\t\t\t\t<\/a>\n\t\t<\/div>\n\t\t\t\t<\/div>\n\t\t\t\t<\/div>\n\t\t\t\t\t<\/div>\n\t\t<\/div>\n\t\t\t\t\t<\/div>\n\t\t<\/section>\n\t\t\t\t<\/div>\n\t\t","protected":false},"excerpt":{"rendered":"<p>Mes traductions \u00c7a Tourne, le jeu de plateau de tournage&#8230; R\u00e9alisez le meilleur film&#8230; ou le pire navet dans ce jeu coop\u00e9ratif haut en couleurs ! Vous travaillez pour une soci\u00e9t\u00e9 de production en difficult\u00e9. C\u2019est votre derni\u00e8re chance de r\u00e9aliser un film \u00e0 succ\u00e8s. Si vous \u00e9chouez, ce sera la faillite et plus personne [&hellip;]<\/p>\n","protected":false},"author":1,"featured_media":0,"parent":0,"menu_order":0,"comment_status":"closed","ping_status":"closed","template":"","meta":{"site-sidebar-layout":"no-sidebar","site-content-layout":"page-builder","ast-site-content-layout":"","site-content-style":"default","site-sidebar-style":"default","ast-global-header-display":"","ast-banner-title-visibility":"","ast-main-header-display":"","ast-hfb-above-header-display":"","ast-hfb-below-header-display":"","ast-hfb-mobile-header-display":"","site-post-title":"disabled","ast-breadcrumbs-content":"","ast-featured-img":"disabled","footer-sml-layout":"","theme-transparent-header-meta":"","adv-header-id-meta":"","stick-header-meta":"","header-above-stick-meta":"","header-main-stick-meta":"","header-below-stick-meta":"","astra-migrate-meta-layouts":"default","ast-page-background-enabled":"default","ast-page-background-meta":{"desktop":{"background-color":"var(--ast-global-color-4)","background-image":"","background-repeat":"repeat","background-position":"center center","background-size":"auto","background-attachment":"scroll","background-type":"","background-media":"","overlay-type":"","overlay-color":"","overlay-opacity":"","overlay-gradient":""},"tablet":{"background-color":"","background-image":"","background-repeat":"repeat","background-position":"center center","background-size":"auto","background-attachment":"scroll","background-type":"","background-media":"","overlay-type":"","overlay-color":"","overlay-opacity":"","overlay-gradient":""},"mobile":{"background-color":"","background-image":"","background-repeat":"repeat","background-position":"center center","background-size":"auto","background-attachment":"scroll","background-type":"","background-media":"","overlay-type":"","overlay-color":"","overlay-opacity":"","overlay-gradient":""}},"ast-content-background-meta":{"desktop":{"background-color":"var(--ast-global-color-5)","background-image":"","background-repeat":"repeat","background-position":"center center","background-size":"auto","background-attachment":"scroll","background-type":"","background-media":"","overlay-type":"","overlay-color":"","overlay-opacity":"","overlay-gradient":""},"tablet":{"background-color":"var(--ast-global-color-5)","background-image":"","background-repeat":"repeat","background-position":"center center","background-size":"auto","background-attachment":"scroll","background-type":"","background-media":"","overlay-type":"","overlay-color":"","overlay-opacity":"","overlay-gradient":""},"mobile":{"background-color":"var(--ast-global-color-5)","background-image":"","background-repeat":"repeat","background-position":"center center","background-size":"auto","background-attachment":"scroll","background-type":"","background-media":"","overlay-type":"","overlay-color":"","overlay-opacity":"","overlay-gradient":""}},"footnotes":""},"class_list":["post-14","page","type-page","status-publish","hentry"],"_links":{"self":[{"href":"https:\/\/solenebauche.com\/index.php\/wp-json\/wp\/v2\/pages\/14","targetHints":{"allow":["GET"]}}],"collection":[{"href":"https:\/\/solenebauche.com\/index.php\/wp-json\/wp\/v2\/pages"}],"about":[{"href":"https:\/\/solenebauche.com\/index.php\/wp-json\/wp\/v2\/types\/page"}],"author":[{"embeddable":true,"href":"https:\/\/solenebauche.com\/index.php\/wp-json\/wp\/v2\/users\/1"}],"replies":[{"embeddable":true,"href":"https:\/\/solenebauche.com\/index.php\/wp-json\/wp\/v2\/comments?post=14"}],"version-history":[{"count":17,"href":"https:\/\/solenebauche.com\/index.php\/wp-json\/wp\/v2\/pages\/14\/revisions"}],"predecessor-version":[{"id":263,"href":"https:\/\/solenebauche.com\/index.php\/wp-json\/wp\/v2\/pages\/14\/revisions\/263"}],"wp:attachment":[{"href":"https:\/\/solenebauche.com\/index.php\/wp-json\/wp\/v2\/media?parent=14"}],"curies":[{"name":"wp","href":"https:\/\/api.w.org\/{rel}","templated":true}]}}